{"id":3,"date":"2021-10-29T10:20:10","date_gmt":"2021-10-29T10:20:10","guid":{"rendered":"https:\/\/www.nokkelpersonell.no\/?page_id=3"},"modified":"2021-12-15T13:06:58","modified_gmt":"2021-12-15T12:06:58","slug":"privacy-policy","status":"publish","type":"page","link":"https:\/\/www.nokkelpersonell.no\/en\/privacy-policy\/","title":{"rendered":"Privacy Policy"},"content":{"rendered":"<h2 class=\"wp-block-heading\">Who we are<\/h2>\n\n\n\n<p>Our website address is: https:\/\/nokkelpersonell.no<\/p>\n\n\n\n<h2 class=\"wp-block-heading\">Comments<\/h2>\n\n\n\n<p>When visitors leave comments on the site, we collect the data shown in the comments form, and also the visitor\u2019s IP address and browser user agent string to help with spam detection.<\/p>\n\n\n\n<p>An anonymised string created from your email address (also called a hash) may be provided to the Gravatar service to see if you are using it. The Gravatar service privacy policy is available here: https:\/\/automattic.com\/privacy\/. After approval of your comment, your profile picture is visible to the public in the context of your comment.<\/p>\n\n\n\n<h2 class=\"wp-block-heading\">Media<\/h2>\n\n\n\n<p>If you upload images to the website, you should avoid uploading images with embedded location data (EXIF GPS) included. Visitors to the website can download and extract any location data from images on the website.<\/p>\n\n\n\n<h2 class=\"wp-block-heading\">Biscuits<\/h2>\n\n\n\n<p>If you leave a comment on our website, you can choose to have your name, email address, and website saved in cookies. These are for your convenience, so you don't have to fill in your details again when you leave another comment. These cookies will last for one year.<\/p>\n\n\n\n<p>Wenn Sie unsere Anmeldeseite besuchen, setzen wir einen tempor\u00e4ren Cookie, um festzustellen, ob Ihr Browser Cookies akzeptiert. Dieses Cookie enth\u00e4lt keine pers\u00f6nlichen Daten und wird gel\u00f6scht, wenn Sie Ihren Browser schlie\u00dfen.<\/p>\n\n\n\n<p>When you log in, we'll also set up several cookies to save your login information and your screen display choices. Login cookies last for two days, and screen options cookies last for a year. If you select \u201cRemember Me\u201d, your login will persist for two weeks. If you log out of your account, the login cookies will be removed.<\/p>\n\n\n\n<p>If you edit or publish an article, an additional cookie will be saved in your browser. This cookie includes no personal data and simply indicates the post ID of the article you just edited. It expires after 1 day.<\/p>\n\n\n\n<h2 class=\"wp-block-heading\">Embedded content from other websites<\/h2>\n\n\n\n<p>Articles on this site may include embedded content (e.g. videos, images, articles, etc.). Embedded content from other websites behaves in the exact same way as if the visitor has visited the other website.<\/p>\n\n\n\n<p>These websites may collect data about you, use cookies, embed additional third-party tracking, and monitor your interaction with that embedded content, including tracking your interaction with the embedded content if you have an account and are logged into that website.<\/p>\n\n\n\n<h2 class=\"wp-block-heading\">Who we share your data with<\/h2>\n\n\n\n<p>If you request a password reset, your IP address will be included in the reset email.<\/p>\n\n\n\n<h2 class=\"wp-block-heading\">How long we retain your data<\/h2>\n\n\n\n<p>If you leave a comment, the comment and its metadata are retained indefinitely. This is so we can recognise and approve any follow-up comments automatically instead of holding them in a moderation queue.<\/p>\n\n\n\n<p>For users who register on our website (if any), we also store the personal information they provide in their user profile. All users can view, edit, or delete their personal information at any time (except they cannot change their username). Website administrators can also view and edit that information.<\/p>\n\n\n\n<h2 class=\"wp-block-heading\">What rights you have regarding your data<\/h2>\n\n\n\n<p>If you have an account on this site, or have left comments, you can request an exported file of the personal data we hold about you, including any data you have provided to us. You can also request that we erase any personal data we hold about you. This does not include any data we are obliged to keep for administrative, legal, or security purposes.<\/p>\n\n\n\n<h2 class=\"wp-block-heading\">Where we send your data<\/h2>\n\n\n\n<p>Visitor comments may be checked through an automated spam detection service.<\/p>","protected":false},"excerpt":{"rendered":"<p>Who we are Our website address is: https:\/\/nokkelpersonell.no Comments When visitors leave comments on the site we collect the data shown in the comments form, and also the visitor\u2019s IP address and browser user agent string to help spam detection. An anonymized string created from your email address (also called a hash) may be provided &hellip; <a href=\"https:\/\/www.nokkelpersonell.no\/en\/privacy-policy\/\">Continued<\/a><\/p>","protected":false},"author":1,"featured_media":0,"parent":0,"menu_order":0,"comment_status":"closed","ping_status":"open","template":"","meta":{"_acf_changed":false,"footnotes":""},"class_list":["post-3","page","type-page","status-publish","hentry"],"acf":[],"yoast_head":"<!-- This site is optimized with the Yoast SEO plugin v27.3 - https:\/\/yoast.com\/product\/yoast-seo-wordpress\/ -->\n<title>Personvernerkl\u00e6ring - N\u00f8kkelpersonell<\/title>\n<meta name=\"robots\" content=\"index, follow, max-snippet:-1, max-image-preview:large, max-video-preview:-1\" \/>\n<link rel=\"canonical\" href=\"https:\/\/www.nokkelpersonell.no\/en\/privacy-policy\/\" \/>\n<meta property=\"og:locale\" content=\"en_GB\" \/>\n<meta property=\"og:type\" content=\"article\" \/>\n<meta property=\"og:title\" content=\"Personvernerkl\u00e6ring - N\u00f8kkelpersonell\" \/>\n<meta property=\"og:description\" content=\"Who we are Our website address is: https:\/\/nokkelpersonell.no Comments When visitors leave comments on the site we collect the data shown in the comments form, and also the visitor\u2019s IP address and browser user agent string to help spam detection. An anonymized string created from your email address (also called a hash) may be provided &hellip; Continued\" \/>\n<meta property=\"og:url\" content=\"https:\/\/www.nokkelpersonell.no\/en\/privacy-policy\/\" \/>\n<meta property=\"og:site_name\" content=\"N\u00f8kkelpersonell\" \/>\n<meta property=\"article:modified_time\" content=\"2021-12-15T12:06:58+00:00\" \/>\n<meta name=\"twitter:card\" content=\"summary_large_image\" \/>\n<meta name=\"twitter:label1\" content=\"Estimated reading time\" \/>\n\t<meta name=\"twitter:data1\" content=\"3 minutes\" \/>\n<script type=\"application\/ld+json\" class=\"yoast-schema-graph\">{\"@context\":\"https:\\\/\\\/schema.org\",\"@graph\":[{\"@type\":\"WebPage\",\"@id\":\"https:\\\/\\\/www.nokkelpersonell.no\\\/privacy-policy\\\/\",\"url\":\"https:\\\/\\\/www.nokkelpersonell.no\\\/privacy-policy\\\/\",\"name\":\"Personvernerkl\u00e6ring - N\u00f8kkelpersonell\",\"isPartOf\":{\"@id\":\"https:\\\/\\\/www.nokkelpersonell.no\\\/#website\"},\"datePublished\":\"2021-10-29T10:20:10+00:00\",\"dateModified\":\"2021-12-15T12:06:58+00:00\",\"breadcrumb\":{\"@id\":\"https:\\\/\\\/www.nokkelpersonell.no\\\/privacy-policy\\\/#breadcrumb\"},\"inLanguage\":\"en-GB\",\"potentialAction\":[{\"@type\":\"ReadAction\",\"target\":[\"https:\\\/\\\/www.nokkelpersonell.no\\\/privacy-policy\\\/\"]}]},{\"@type\":\"BreadcrumbList\",\"@id\":\"https:\\\/\\\/www.nokkelpersonell.no\\\/privacy-policy\\\/#breadcrumb\",\"itemListElement\":[{\"@type\":\"ListItem\",\"position\":1,\"name\":\"Hjem\",\"item\":\"https:\\\/\\\/www.nokkelpersonell.no\\\/\"},{\"@type\":\"ListItem\",\"position\":2,\"name\":\"Personvernerkl\u00e6ring\"}]},{\"@type\":\"WebSite\",\"@id\":\"https:\\\/\\\/www.nokkelpersonell.no\\\/#website\",\"url\":\"https:\\\/\\\/www.nokkelpersonell.no\\\/\",\"name\":\"N\u00f8kkelpersonell\",\"description\":\"Rett person p\u00e5 rett plass\",\"publisher\":{\"@id\":\"https:\\\/\\\/www.nokkelpersonell.no\\\/#organization\"},\"potentialAction\":[{\"@type\":\"SearchAction\",\"target\":{\"@type\":\"EntryPoint\",\"urlTemplate\":\"https:\\\/\\\/www.nokkelpersonell.no\\\/?s={search_term_string}\"},\"query-input\":{\"@type\":\"PropertyValueSpecification\",\"valueRequired\":true,\"valueName\":\"search_term_string\"}}],\"inLanguage\":\"en-GB\"},{\"@type\":\"Organization\",\"@id\":\"https:\\\/\\\/www.nokkelpersonell.no\\\/#organization\",\"name\":\"N\u00f8kkelpersonell\",\"url\":\"https:\\\/\\\/www.nokkelpersonell.no\\\/\",\"logo\":{\"@type\":\"ImageObject\",\"inLanguage\":\"en-GB\",\"@id\":\"https:\\\/\\\/www.nokkelpersonell.no\\\/#\\\/schema\\\/logo\\\/image\\\/\",\"url\":\"https:\\\/\\\/www.nokkelpersonell.no\\\/wp-content\\\/uploads\\\/2021\\\/12\\\/cropped-nokkelpersonell.png\",\"contentUrl\":\"https:\\\/\\\/www.nokkelpersonell.no\\\/wp-content\\\/uploads\\\/2021\\\/12\\\/cropped-nokkelpersonell.png\",\"width\":512,\"height\":512,\"caption\":\"N\u00f8kkelpersonell\"},\"image\":{\"@id\":\"https:\\\/\\\/www.nokkelpersonell.no\\\/#\\\/schema\\\/logo\\\/image\\\/\"}}]}<\/script>\n<!-- \/ Yoast SEO plugin. -->","yoast_head_json":{"title":"Privacy Policy - Key Personnel","robots":{"index":"index","follow":"follow","max-snippet":"max-snippet:-1","max-image-preview":"max-image-preview:large","max-video-preview":"max-video-preview:-1"},"canonical":"https:\/\/www.nokkelpersonell.no\/en\/privacy-policy\/","og_locale":"en_GB","og_type":"article","og_title":"Personvernerkl\u00e6ring - N\u00f8kkelpersonell","og_description":"Who we are Our website address is: https:\/\/nokkelpersonell.no Comments When visitors leave comments on the site we collect the data shown in the comments form, and also the visitor\u2019s IP address and browser user agent string to help spam detection. An anonymized string created from your email address (also called a hash) may be provided &hellip; Continued","og_url":"https:\/\/www.nokkelpersonell.no\/en\/privacy-policy\/","og_site_name":"N\u00f8kkelpersonell","article_modified_time":"2021-12-15T12:06:58+00:00","twitter_card":"summary_large_image","twitter_misc":{"Estimated reading time":"3 minutes"},"schema":{"@context":"https:\/\/schema.org","@graph":[{"@type":"WebPage","@id":"https:\/\/www.nokkelpersonell.no\/privacy-policy\/","url":"https:\/\/www.nokkelpersonell.no\/privacy-policy\/","name":"Privacy Policy - Key Personnel","isPartOf":{"@id":"https:\/\/www.nokkelpersonell.no\/#website"},"datePublished":"2021-10-29T10:20:10+00:00","dateModified":"2021-12-15T12:06:58+00:00","breadcrumb":{"@id":"https:\/\/www.nokkelpersonell.no\/privacy-policy\/#breadcrumb"},"inLanguage":"en-GB","potentialAction":[{"@type":"ReadAction","target":["https:\/\/www.nokkelpersonell.no\/privacy-policy\/"]}]},{"@type":"BreadcrumbList","@id":"https:\/\/www.nokkelpersonell.no\/privacy-policy\/#breadcrumb","itemListElement":[{"@type":"ListItem","position":1,"name":"Hjem","item":"https:\/\/www.nokkelpersonell.no\/"},{"@type":"ListItem","position":2,"name":"Personvernerkl\u00e6ring"}]},{"@type":"WebSite","@id":"https:\/\/www.nokkelpersonell.no\/#website","url":"https:\/\/www.nokkelpersonell.no\/","name":"N\u00f8kkelpersonell","description":"The right person in the right place","publisher":{"@id":"https:\/\/www.nokkelpersonell.no\/#organization"},"potentialAction":[{"@type":"SearchAction","target":{"@type":"EntryPoint","urlTemplate":"https:\/\/www.nokkelpersonell.no\/?s={search_term_string}"},"query-input":{"@type":"PropertyValueSpecification","valueRequired":true,"valueName":"search_term_string"}}],"inLanguage":"en-GB"},{"@type":"Organization","@id":"https:\/\/www.nokkelpersonell.no\/#organization","name":"N\u00f8kkelpersonell","url":"https:\/\/www.nokkelpersonell.no\/","logo":{"@type":"ImageObject","inLanguage":"en-GB","@id":"https:\/\/www.nokkelpersonell.no\/#\/schema\/logo\/image\/","url":"https:\/\/www.nokkelpersonell.no\/wp-content\/uploads\/2021\/12\/cropped-nokkelpersonell.png","contentUrl":"https:\/\/www.nokkelpersonell.no\/wp-content\/uploads\/2021\/12\/cropped-nokkelpersonell.png","width":512,"height":512,"caption":"N\u00f8kkelpersonell"},"image":{"@id":"https:\/\/www.nokkelpersonell.no\/#\/schema\/logo\/image\/"}}]}},"_links":{"self":[{"href":"https:\/\/www.nokkelpersonell.no\/en\/wp-json\/wp\/v2\/pages\/3","targetHints":{"allow":["GET"]}}],"collection":[{"href":"https:\/\/www.nokkelpersonell.no\/en\/wp-json\/wp\/v2\/pages"}],"about":[{"href":"https:\/\/www.nokkelpersonell.no\/en\/wp-json\/wp\/v2\/types\/page"}],"author":[{"embeddable":true,"href":"https:\/\/www.nokkelpersonell.no\/en\/wp-json\/wp\/v2\/users\/1"}],"replies":[{"embeddable":true,"href":"https:\/\/www.nokkelpersonell.no\/en\/wp-json\/wp\/v2\/comments?post=3"}],"version-history":[{"count":2,"href":"https:\/\/www.nokkelpersonell.no\/en\/wp-json\/wp\/v2\/pages\/3\/revisions"}],"predecessor-version":[{"id":468,"href":"https:\/\/www.nokkelpersonell.no\/en\/wp-json\/wp\/v2\/pages\/3\/revisions\/468"}],"wp:attachment":[{"href":"https:\/\/www.nokkelpersonell.no\/en\/wp-json\/wp\/v2\/media?parent=3"}],"curies":[{"name":"wp","href":"https:\/\/api.w.org\/{rel}","templated":true}]}}