{"id":97,"date":"2021-11-10T11:18:33","date_gmt":"2021-11-10T10:18:33","guid":{"rendered":"https:\/\/www.nokkelpersonell.no\/?page_id=97"},"modified":"2024-02-29T11:34:02","modified_gmt":"2024-02-29T10:34:02","slug":"contact","status":"publish","type":"page","link":"https:\/\/www.nokkelpersonell.no\/en\/kontakt\/","title":{"rendered":"Contact"},"content":{"rendered":"<h1 id=\"np-text-block_618b9c261267b\" class=\"np-text has-text-align-center is-heading-1-small-text alignwide\">We look forward to hearing from you<\/h1>\n<style type=\"text\/css\">#np-text-block_618b9c261267b {\nmargin-top: 60px;\nmargin-bottom: 40px;\n}\n@media (min-width: 992px) {\n#np-text-block_618b9c261267b {\nmargin-top: 80px;\nmargin-bottom: 20px;\n}\n}\n@media (min-width: 1880px) {\n#np-text-block_618b9c261267b {\nmargin-top: 120px;\n}\n}\n<\/style>\n\n\n<p id=\"np-text-block_618b9c591267c\" class=\"np-text has-text-align-center is-paragraph-text\">Get in touch with us if you are looking for a new job, a new employee \u2013 or if you have any other questions. We can answer most things.<\/p>\n<style type=\"text\/css\">#np-text-block_618b9c591267c {\nmargin-bottom: 60px;\n}\n@media (min-width: 992px) {\n#np-text-block_618b9c591267c {\nmargin-bottom: 60px;\n}\n}\n<\/style>\n\n\n<p id=\"np-text-block_618b9c811267d\" class=\"np-text has-text-align-center is-heading-4-text\"><a href=\"tel:+4751842000\">+47 51 84 20 00<\/a><br><a href=\"mailto:postmaster@nokkelpersonell.no\">postmaster@nokkelpersonell.no<\/a><\/p>\n<style type=\"text\/css\">#np-text-block_618b9c811267d {\nmargin-bottom: 80px;\n}\n@media (min-width: 992px) {\n#np-text-block_618b9c811267d {\nmargin-bottom: 180px;\n}\n}\n@media (min-width: 1880px) {\n#np-text-block_618b9c811267d {\nmargin-bottom: 220px;\n}\n}\n<\/style>\n\n\n<h2 id=\"np-text-block_618b9ca81267e\" class=\"np-text has-text-align-center is-heading-1-small-text\">Address<\/h2>\n<style type=\"text\/css\">#np-text-block_618b9ca81267e {\nmargin-bottom: 20px;\n}\n@media (min-width: 992px) {\n#np-text-block_618b9ca81267e {\nmargin-bottom: 20px;\n}\n}\n<\/style>\n\n\n<p id=\"np-text-block_618b9cc41267f\" class=\"np-text has-text-align-center is-paragraph-text\"><a href=\"https:\/\/www.google.com\/maps\/place\/N%C3%B8kkelpersonell+AS\/@58.969611,5.7555881,17z\/data=!3m1!4b1!4m5!3m4!1s0x463a352ebc43602f:0x135db8fd3f680b28!8m2!3d58.969611!4d5.7577768\">Kvits\u00f8y Street 26,<br>4014 Stavanger<br>Norway<\/a><\/p>\n<style type=\"text\/css\">#np-text-block_618b9cc41267f {\nmargin-bottom: 0px;\n}\n@media (min-width: 992px) {\n#np-text-block_618b9cc41267f {\nmargin-bottom: 0px;\n}\n}\n<\/style>\n\n\n<div id=\"np-image-block_6193d9f5f290d\" class=\"np-image alignwide\">\n<div class=\"np-image__wrapper\">\n<img loading=\"lazy\" decoding=\"async\" width=\"1691\" height=\"1268\" src=\"https:\/\/www.nokkelpersonell.no\/wp-content\/uploads\/2021\/11\/DSCF7266.jpg\" class=\"np-image__img\" alt=\"\" srcset=\"https:\/\/www.nokkelpersonell.no\/wp-content\/uploads\/2021\/11\/DSCF7266.jpg 2560w, https:\/\/www.nokkelpersonell.no\/wp-content\/uploads\/2021\/11\/DSCF7266-300x225.jpg 300w, https:\/\/www.nokkelpersonell.no\/wp-content\/uploads\/2021\/11\/DSCF7266-1024x768.jpg 1024w, https:\/\/www.nokkelpersonell.no\/wp-content\/uploads\/2021\/11\/DSCF7266-768x576.jpg 768w, https:\/\/www.nokkelpersonell.no\/wp-content\/uploads\/2021\/11\/DSCF7266-1536x1152.jpg 1536w, https:\/\/www.nokkelpersonell.no\/wp-content\/uploads\/2021\/11\/DSCF7266-2048x1536.jpg 2048w\" sizes=\"auto, (max-width: 1691px) 100vw, 1691px\" \/><\/div>\n<style type=\"text\/css\">#np-image-block_6193d9f5f290d {\npadding-top: 160px;\npadding-bottom: 80px;\nmargin-top: 0px;\nmargin-bottom: 0px;\n}\n@media (min-width: 992px) {\n#np-image-block_6193d9f5f290d {\npadding-top: 180px;\npadding-bottom: 120px;\nmargin-top: 0px;\nmargin-bottom: 0px;\n}\n}\n@media (min-width: 1880px) {\n#np-image-block_6193d9f5f290d {\npadding-top: 220px;\npadding-bottom: 160px;\n}\n}\n<\/style>\n<\/div>\n\n\n<div id=\"np-two-columns-block_618b9e1c12680\" class=\"np-two-columns alignwide\">\n    <div class=\"np-two-columns__row\">\n        \n<div id=\"np-two-columns-column-block_618b9e1c12681\" class=\"np-col np-two-columns-column\">\n    \n<h2 id=\"np-text-block_618b9e4012683\" class=\"np-text has-text-align-left is-heading-2-text\">Get in touch with the team<\/h2>\n<style type=\"text\/css\">#np-text-block_618b9e4012683 {\nmargin-top: 0px;\nmargin-bottom: 0px;\n}\n@media (min-width: 992px) {\n#np-text-block_618b9e4012683 {\nmargin-top: 0px;\nmargin-bottom: 0px;\n}\n}\n<\/style>\n\n    <style type=\"text\/css\">#np-two-columns-column-block_618b9e1c12681 {\npadding-top: 0px;\npadding-bottom: 0px;\n}\n@media (min-width: 992px) {\n#np-two-columns-column-block_618b9e1c12681 {\npadding-top: 0px;\npadding-bottom: 0px;\n}\n}\n<\/style>\n<\/div>\n\n\n<div id=\"np-two-columns-column-block_618b9e1c12682\" class=\"np-col np-two-columns-column\">\n    \n<div\n    id=\"np-employees-block_618b9e7612684\"\n    class=\"np-employees-minimal alignfull\">\n            <div class=\"np-employees-minimal__list\">\n                            <div class=\"np-employees-minimal__list-item\">\n                    <h3 class=\"np-employees-minimal__employee-name\">\n                        Siw Mari Knutsen                    <\/h3>\n                    <div class=\"np-employees-minimal__employee-contact-details\">\n                                                    <div class=\"np-employees-minimal__employee-contact-detail\">\n                                <a href=\"mailto:siw@nokkelpersonell.no\">\n                                    siw@nokkelpersonell.no                                <\/a>\n                            <\/div>\n                                                                            <div class=\"np-employees-minimal__employee-contact-detail\">\n                                M:\n                                <a href=\"tel:+4790873833\">\n                                    908 73 833                                <\/a>\n                            <\/div>\n                                                                            <div class=\"np-employees-minimal__employee-contact-detail\">\n                                Hello\n                                <a href=\"tel:+4751842000\">\n                                    51 84 20 00                                <\/a>\n                            <\/div>\n                                            <\/div>\n                <\/div>\n                            <div class=\"np-employees-minimal__list-item\">\n                    <h3 class=\"np-employees-minimal__employee-name\">\n                        Elizabeth Spilling                    <\/h3>\n                    <div class=\"np-employees-minimal__employee-contact-details\">\n                                                    <div class=\"np-employees-minimal__employee-contact-detail\">\n                                <a href=\"mailto:elizabeth@nokkelpersonell.no\">\n                                    elizabeth@nokkelpersonell.no                                <\/a>\n                            <\/div>\n                                                                            <div class=\"np-employees-minimal__employee-contact-detail\">\n                                M:\n                                <a href=\"tel:+4797957963\">\n                                    979 57 963                                <\/a>\n                            <\/div>\n                                                                            <div class=\"np-employees-minimal__employee-contact-detail\">\n                                Hello\n                                <a href=\"tel:+4751842000\">\n                                    51 84 20 00                                <\/a>\n                            <\/div>\n                                            <\/div>\n                <\/div>\n                            <div class=\"np-employees-minimal__list-item\">\n                    <h3 class=\"np-employees-minimal__employee-name\">\n                        Lill M. Knutsen                    <\/h3>\n                    <div class=\"np-employees-minimal__employee-contact-details\">\n                                                    <div class=\"np-employees-minimal__employee-contact-detail\">\n                                <a href=\"mailto:lill@nokkelpersonell.no\">\n                                    lill@nokkelpersonell.no                                <\/a>\n                            <\/div>\n                                                                            <div class=\"np-employees-minimal__employee-contact-detail\">\n                                M:\n                                <a href=\"tel:+4790944954\">\n                                    909 44 954                                <\/a>\n                            <\/div>\n                                                                            <div class=\"np-employees-minimal__employee-contact-detail\">\n                                Hello\n                                <a href=\"tel:+4751842000\">\n                                    51 84 20 00                                <\/a>\n                            <\/div>\n                                            <\/div>\n                <\/div>\n                            <div class=\"np-employees-minimal__list-item\">\n                    <h3 class=\"np-employees-minimal__employee-name\">\n                        Astrid H\u00f8yland                    <\/h3>\n                    <div class=\"np-employees-minimal__employee-contact-details\">\n                                                                                                    <div class=\"np-employees-minimal__employee-contact-detail\">\n                                Hello\n                                <a href=\"tel:+4751842000\">\n                                    51 84 20 00                                <\/a>\n                            <\/div>\n                                            <\/div>\n                <\/div>\n                            <div class=\"np-employees-minimal__list-item\">\n                    <h3 class=\"np-employees-minimal__employee-name\">\n                        Kristin Baustad                    <\/h3>\n                    <div class=\"np-employees-minimal__employee-contact-details\">\n                                                    <div class=\"np-employees-minimal__employee-contact-detail\">\n                                <a href=\"mailto:kristin@nokkelpersonell.no\">\n                                    kristin@nokkelpersonell.no                                <\/a>\n                            <\/div>\n                                                                            <div class=\"np-employees-minimal__employee-contact-detail\">\n                                M:\n                                <a href=\"tel:+4799224681\">\n                                    +47 992 24 681                                <\/a>\n                            <\/div>\n                                                                    <\/div>\n                <\/div>\n                    <\/div>\n    \n            <style type=\"text\/css\">\n            #np-employees-block_618b9e7612684 {\npadding-top: 0px;\npadding-bottom: 0px;\n}\n@media (min-width: 992px) {\n#np-employees-block_618b9e7612684 {\npadding-top: 0px;\npadding-bottom: 0px;\n}\n}\n        <\/style>\n    <\/div>\n\n\n<p><\/p>\n\n    <style type=\"text\/css\">#np-two-columns-column-block_618b9e1c12682 {\npadding-top: 0px;\npadding-bottom: 0px;\n}\n@media (min-width: 992px) {\n#np-two-columns-column-block_618b9e1c12682 {\npadding-top: 0px;\npadding-bottom: 0px;\n}\n}\n<\/style>\n<\/div>\n\n    <\/div>\n    <style type=\"text\/css\">#np-two-columns-block_618b9e1c12680 {\npadding-top: 80px;\npadding-bottom: 100px;\nmargin-top: 0px;\nmargin-bottom: 0px;\n}\n@media (min-width: 992px) {\n#np-two-columns-block_618b9e1c12680 {\npadding-top: 120px;\npadding-bottom: 180px;\nmargin-top: 0px;\nmargin-bottom: 0px;\n}\n}\n@media (min-width: 1880px) {\n#np-two-columns-block_618b9e1c12680 {\npadding-top: 160px;\npadding-bottom: 220px;\n}\n}\n#np-two-columns-block_618b9e1c12680 > .np-two-columns__row {\ndisplay: grid;\ngrid-column-gap: var(--np-gutter-x);\ngrid-row-gap: 40px;\ngrid-template-columns: 1fr;\n}\n@media (min-width: 992px) {\n#np-two-columns-block_618b9e1c12680 > .np-two-columns__row {\ngrid-template-columns: 4fr 8fr;\n}\n}\n#np-two-columns-block_618b9e1c12680 > .np-two-columns__row > .np-col {\nmax-width: 100%;\nwidth: 100%;\n}\n<\/style>\n<\/div>","protected":false},"excerpt":{"rendered":"","protected":false},"author":1,"featured_media":384,"parent":0,"menu_order":0,"comment_status":"closed","ping_status":"closed","template":"","meta":{"_acf_changed":false,"footnotes":""},"class_list":["post-97","page","type-page","status-publish","has-post-thumbnail","hentry"],"acf":[],"yoast_head":"<!-- This site is optimized with the Yoast SEO plugin v27.3 - https:\/\/yoast.com\/product\/yoast-seo-wordpress\/ -->\n<title>Kontakt - N\u00f8kkelpersonell<\/title>\n<meta name=\"description\" content=\"Ta kontakt med oss for skreddersydde bemanning- og rekrutteringsl\u00f8sninger. Bli kjent med v\u00e5rt team i Stavanger i dag.\" \/>\n<meta name=\"robots\" content=\"index, follow, max-snippet:-1, max-image-preview:large, max-video-preview:-1\" \/>\n<link rel=\"canonical\" href=\"https:\/\/www.nokkelpersonell.no\/en\/contact\/\" \/>\n<meta property=\"og:locale\" content=\"en_GB\" \/>\n<meta property=\"og:type\" content=\"article\" \/>\n<meta property=\"og:title\" content=\"Kontakt - N\u00f8kkelpersonell\" \/>\n<meta property=\"og:description\" content=\"Ta kontakt med oss for skreddersydde bemanning- og rekrutteringsl\u00f8sninger. Bli kjent med v\u00e5rt team i Stavanger i dag.\" \/>\n<meta property=\"og:url\" content=\"https:\/\/www.nokkelpersonell.no\/en\/contact\/\" \/>\n<meta property=\"og:site_name\" content=\"N\u00f8kkelpersonell\" \/>\n<meta property=\"article:modified_time\" content=\"2024-02-29T10:34:02+00:00\" \/>\n<meta property=\"og:image\" content=\"https:\/\/www.nokkelpersonell.no\/wp-content\/uploads\/2021\/12\/cropped-nokkelpersonell.png\" \/>\n\t<meta property=\"og:image:width\" content=\"512\" \/>\n\t<meta property=\"og:image:height\" content=\"512\" \/>\n\t<meta property=\"og:image:type\" content=\"image\/png\" \/>\n<meta name=\"twitter:card\" content=\"summary_large_image\" \/>\n<script type=\"application\/ld+json\" class=\"yoast-schema-graph\">{\"@context\":\"https:\\\/\\\/schema.org\",\"@graph\":[{\"@type\":\"WebPage\",\"@id\":\"https:\\\/\\\/www.nokkelpersonell.no\\\/kontakt\\\/\",\"url\":\"https:\\\/\\\/www.nokkelpersonell.no\\\/kontakt\\\/\",\"name\":\"Kontakt - N\u00f8kkelpersonell\",\"isPartOf\":{\"@id\":\"https:\\\/\\\/www.nokkelpersonell.no\\\/#website\"},\"primaryImageOfPage\":{\"@id\":\"https:\\\/\\\/www.nokkelpersonell.no\\\/kontakt\\\/#primaryimage\"},\"image\":{\"@id\":\"https:\\\/\\\/www.nokkelpersonell.no\\\/kontakt\\\/#primaryimage\"},\"thumbnailUrl\":\"https:\\\/\\\/www.nokkelpersonell.no\\\/wp-content\\\/uploads\\\/2021\\\/12\\\/cropped-nokkelpersonell.png\",\"datePublished\":\"2021-11-10T10:18:33+00:00\",\"dateModified\":\"2024-02-29T10:34:02+00:00\",\"description\":\"Ta kontakt med oss for skreddersydde bemanning- og rekrutteringsl\u00f8sninger. Bli kjent med v\u00e5rt team i Stavanger i dag.\",\"breadcrumb\":{\"@id\":\"https:\\\/\\\/www.nokkelpersonell.no\\\/kontakt\\\/#breadcrumb\"},\"inLanguage\":\"en-GB\",\"potentialAction\":[{\"@type\":\"ReadAction\",\"target\":[\"https:\\\/\\\/www.nokkelpersonell.no\\\/kontakt\\\/\"]}]},{\"@type\":\"ImageObject\",\"inLanguage\":\"en-GB\",\"@id\":\"https:\\\/\\\/www.nokkelpersonell.no\\\/kontakt\\\/#primaryimage\",\"url\":\"https:\\\/\\\/www.nokkelpersonell.no\\\/wp-content\\\/uploads\\\/2021\\\/12\\\/cropped-nokkelpersonell.png\",\"contentUrl\":\"https:\\\/\\\/www.nokkelpersonell.no\\\/wp-content\\\/uploads\\\/2021\\\/12\\\/cropped-nokkelpersonell.png\",\"width\":512,\"height\":512},{\"@type\":\"BreadcrumbList\",\"@id\":\"https:\\\/\\\/www.nokkelpersonell.no\\\/kontakt\\\/#breadcrumb\",\"itemListElement\":[{\"@type\":\"ListItem\",\"position\":1,\"name\":\"Hjem\",\"item\":\"https:\\\/\\\/www.nokkelpersonell.no\\\/\"},{\"@type\":\"ListItem\",\"position\":2,\"name\":\"Kontakt\"}]},{\"@type\":\"WebSite\",\"@id\":\"https:\\\/\\\/www.nokkelpersonell.no\\\/#website\",\"url\":\"https:\\\/\\\/www.nokkelpersonell.no\\\/\",\"name\":\"N\u00f8kkelpersonell\",\"description\":\"Rett person p\u00e5 rett plass\",\"publisher\":{\"@id\":\"https:\\\/\\\/www.nokkelpersonell.no\\\/#organization\"},\"potentialAction\":[{\"@type\":\"SearchAction\",\"target\":{\"@type\":\"EntryPoint\",\"urlTemplate\":\"https:\\\/\\\/www.nokkelpersonell.no\\\/?s={search_term_string}\"},\"query-input\":{\"@type\":\"PropertyValueSpecification\",\"valueRequired\":true,\"valueName\":\"search_term_string\"}}],\"inLanguage\":\"en-GB\"},{\"@type\":\"Organization\",\"@id\":\"https:\\\/\\\/www.nokkelpersonell.no\\\/#organization\",\"name\":\"N\u00f8kkelpersonell\",\"url\":\"https:\\\/\\\/www.nokkelpersonell.no\\\/\",\"logo\":{\"@type\":\"ImageObject\",\"inLanguage\":\"en-GB\",\"@id\":\"https:\\\/\\\/www.nokkelpersonell.no\\\/#\\\/schema\\\/logo\\\/image\\\/\",\"url\":\"https:\\\/\\\/www.nokkelpersonell.no\\\/wp-content\\\/uploads\\\/2021\\\/12\\\/cropped-nokkelpersonell.png\",\"contentUrl\":\"https:\\\/\\\/www.nokkelpersonell.no\\\/wp-content\\\/uploads\\\/2021\\\/12\\\/cropped-nokkelpersonell.png\",\"width\":512,\"height\":512,\"caption\":\"N\u00f8kkelpersonell\"},\"image\":{\"@id\":\"https:\\\/\\\/www.nokkelpersonell.no\\\/#\\\/schema\\\/logo\\\/image\\\/\"}}]}<\/script>\n<!-- \/ Yoast SEO plugin. -->","yoast_head_json":{"title":"Contact - Key Personnel","description":"Get in touch for tailored staffing and recruitment solutions. Meet our team in Stavanger today.","robots":{"index":"index","follow":"follow","max-snippet":"max-snippet:-1","max-image-preview":"max-image-preview:large","max-video-preview":"max-video-preview:-1"},"canonical":"https:\/\/www.nokkelpersonell.no\/en\/contact\/","og_locale":"en_GB","og_type":"article","og_title":"Kontakt - N\u00f8kkelpersonell","og_description":"Ta kontakt med oss for skreddersydde bemanning- og rekrutteringsl\u00f8sninger. Bli kjent med v\u00e5rt team i Stavanger i dag.","og_url":"https:\/\/www.nokkelpersonell.no\/en\/contact\/","og_site_name":"N\u00f8kkelpersonell","article_modified_time":"2024-02-29T10:34:02+00:00","og_image":[{"width":512,"height":512,"url":"https:\/\/www.nokkelpersonell.no\/wp-content\/uploads\/2021\/12\/cropped-nokkelpersonell.png","type":"image\/png"}],"twitter_card":"summary_large_image","schema":{"@context":"https:\/\/schema.org","@graph":[{"@type":"WebPage","@id":"https:\/\/www.nokkelpersonell.no\/kontakt\/","url":"https:\/\/www.nokkelpersonell.no\/kontakt\/","name":"Contact - Key Personnel","isPartOf":{"@id":"https:\/\/www.nokkelpersonell.no\/#website"},"primaryImageOfPage":{"@id":"https:\/\/www.nokkelpersonell.no\/kontakt\/#primaryimage"},"image":{"@id":"https:\/\/www.nokkelpersonell.no\/kontakt\/#primaryimage"},"thumbnailUrl":"https:\/\/www.nokkelpersonell.no\/wp-content\/uploads\/2021\/12\/cropped-nokkelpersonell.png","datePublished":"2021-11-10T10:18:33+00:00","dateModified":"2024-02-29T10:34:02+00:00","description":"Get in touch for tailored staffing and recruitment solutions. Meet our team in Stavanger today.","breadcrumb":{"@id":"https:\/\/www.nokkelpersonell.no\/kontakt\/#breadcrumb"},"inLanguage":"en-GB","potentialAction":[{"@type":"ReadAction","target":["https:\/\/www.nokkelpersonell.no\/kontakt\/"]}]},{"@type":"ImageObject","inLanguage":"en-GB","@id":"https:\/\/www.nokkelpersonell.no\/kontakt\/#primaryimage","url":"https:\/\/www.nokkelpersonell.no\/wp-content\/uploads\/2021\/12\/cropped-nokkelpersonell.png","contentUrl":"https:\/\/www.nokkelpersonell.no\/wp-content\/uploads\/2021\/12\/cropped-nokkelpersonell.png","width":512,"height":512},{"@type":"BreadcrumbList","@id":"https:\/\/www.nokkelpersonell.no\/kontakt\/#breadcrumb","itemListElement":[{"@type":"ListItem","position":1,"name":"Hjem","item":"https:\/\/www.nokkelpersonell.no\/"},{"@type":"ListItem","position":2,"name":"Kontakt"}]},{"@type":"WebSite","@id":"https:\/\/www.nokkelpersonell.no\/#website","url":"https:\/\/www.nokkelpersonell.no\/","name":"N\u00f8kkelpersonell","description":"The right person in the right place","publisher":{"@id":"https:\/\/www.nokkelpersonell.no\/#organization"},"potentialAction":[{"@type":"SearchAction","target":{"@type":"EntryPoint","urlTemplate":"https:\/\/www.nokkelpersonell.no\/?s={search_term_string}"},"query-input":{"@type":"PropertyValueSpecification","valueRequired":true,"valueName":"search_term_string"}}],"inLanguage":"en-GB"},{"@type":"Organization","@id":"https:\/\/www.nokkelpersonell.no\/#organization","name":"N\u00f8kkelpersonell","url":"https:\/\/www.nokkelpersonell.no\/","logo":{"@type":"ImageObject","inLanguage":"en-GB","@id":"https:\/\/www.nokkelpersonell.no\/#\/schema\/logo\/image\/","url":"https:\/\/www.nokkelpersonell.no\/wp-content\/uploads\/2021\/12\/cropped-nokkelpersonell.png","contentUrl":"https:\/\/www.nokkelpersonell.no\/wp-content\/uploads\/2021\/12\/cropped-nokkelpersonell.png","width":512,"height":512,"caption":"N\u00f8kkelpersonell"},"image":{"@id":"https:\/\/www.nokkelpersonell.no\/#\/schema\/logo\/image\/"}}]}},"_links":{"self":[{"href":"https:\/\/www.nokkelpersonell.no\/en\/wp-json\/wp\/v2\/pages\/97","targetHints":{"allow":["GET"]}}],"collection":[{"href":"https:\/\/www.nokkelpersonell.no\/en\/wp-json\/wp\/v2\/pages"}],"about":[{"href":"https:\/\/www.nokkelpersonell.no\/en\/wp-json\/wp\/v2\/types\/page"}],"author":[{"embeddable":true,"href":"https:\/\/www.nokkelpersonell.no\/en\/wp-json\/wp\/v2\/users\/1"}],"replies":[{"embeddable":true,"href":"https:\/\/www.nokkelpersonell.no\/en\/wp-json\/wp\/v2\/comments?post=97"}],"version-history":[{"count":37,"href":"https:\/\/www.nokkelpersonell.no\/en\/wp-json\/wp\/v2\/pages\/97\/revisions"}],"predecessor-version":[{"id":1031,"href":"https:\/\/www.nokkelpersonell.no\/en\/wp-json\/wp\/v2\/pages\/97\/revisions\/1031"}],"wp:featuredmedia":[{"embeddable":true,"href":"https:\/\/www.nokkelpersonell.no\/en\/wp-json\/wp\/v2\/media\/384"}],"wp:attachment":[{"href":"https:\/\/www.nokkelpersonell.no\/en\/wp-json\/wp\/v2\/media?parent=97"}],"curies":[{"name":"wp","href":"https:\/\/api.w.org\/{rel}","templated":true}]}}